{"id":50532,"date":"2023-11-29T16:35:54","date_gmt":"2023-11-29T15:35:54","guid":{"rendered":"https:\/\/www.cavalliinvilla.it\/prato-della-valle-2024\/"},"modified":"2023-12-06T14:37:49","modified_gmt":"2023-12-06T13:37:49","slug":"prato-della-valle-2024","status":"publish","type":"page","link":"https:\/\/www.cavalliinvilla.it\/en\/prato-della-valle-2024\/","title":{"rendered":"Prato della Valle 2024"},"content":{"rendered":"\t\t<div data-elementor-type=\"wp-page\" data-elementor-id=\"50532\" class=\"elementor elementor-50532 elementor-50429\" data-elementor-post-type=\"page\">\n\t\t\t\t\t\t<section class=\"elementor-section elementor-top-section elementor-element elementor-element-b823663 elementor-section-full_width elementor-section-height-default elementor-section-height-default\" data-id=\"b823663\" data-element_type=\"section\" data-settings=\"{&quot;background_background&quot;:&quot;classic&quot;}\">\n\t\t\t\t\t\t<div class=\"elementor-container elementor-column-gap-no\">\n\t\t\t\t\t<div class=\"elementor-column elementor-col-100 elementor-top-column elementor-element elementor-element-747f0d1\" data-id=\"747f0d1\" data-element_type=\"column\">\n\t\t\t<div class=\"elementor-widget-wrap elementor-element-populated\">\n\t\t\t\t\t\t<div class=\"elementor-element elementor-element-74f2d76 elementor-widget elementor-widget-image\" data-id=\"74f2d76\" data-element_type=\"widget\" data-widget_type=\"image.default\">\n\t\t\t\t<div class=\"elementor-widget-container\">\n\t\t\t\t\t\t\t\t\t\t\t\t\t<img fetchpriority=\"high\" decoding=\"async\" width=\"1024\" height=\"401\" src=\"https:\/\/www.cavalliinvilla.it\/wp-content\/uploads\/2023\/11\/prato-della-valle-padova-1024x401-1.jpg\" class=\"attachment-full size-full wp-image-50436\" alt=\"\" srcset=\"https:\/\/www.cavalliinvilla.it\/wp-content\/uploads\/2023\/11\/prato-della-valle-padova-1024x401-1.jpg 1024w, https:\/\/www.cavalliinvilla.it\/wp-content\/uploads\/2023\/11\/prato-della-valle-padova-1024x401-1-300x117.jpg 300w, https:\/\/www.cavalliinvilla.it\/wp-content\/uploads\/2023\/11\/prato-della-valle-padova-1024x401-1-768x301.jpg 768w\" sizes=\"(max-width: 1024px) 100vw, 1024px\" \/>\t\t\t\t\t\t\t\t\t\t\t\t\t<\/div>\n\t\t\t\t<\/div>\n\t\t\t\t\t<\/div>\n\t\t<\/div>\n\t\t\t\t\t<\/div>\n\t\t<\/section>\n\t\t\t\t<section class=\"elementor-section elementor-top-section elementor-element elementor-element-b21397b elementor-section-boxed elementor-section-height-default elementor-section-height-default\" data-id=\"b21397b\" data-element_type=\"section\" data-settings=\"{&quot;background_background&quot;:&quot;classic&quot;}\">\n\t\t\t\t\t\t<div class=\"elementor-container elementor-column-gap-no\">\n\t\t\t\t\t<div class=\"elementor-column elementor-col-100 elementor-top-column elementor-element elementor-element-d812631\" data-id=\"d812631\" data-element_type=\"column\">\n\t\t\t<div class=\"elementor-widget-wrap elementor-element-populated\">\n\t\t\t\t\t\t<section class=\"elementor-section elementor-inner-section elementor-element elementor-element-123a6ef elementor-section-full_width elementor-section-height-default elementor-section-height-default\" data-id=\"123a6ef\" data-element_type=\"section\">\n\t\t\t\t\t\t<div class=\"elementor-container elementor-column-gap-default\">\n\t\t\t\t\t<div class=\"elementor-column elementor-col-100 elementor-inner-column elementor-element elementor-element-5e8d505\" data-id=\"5e8d505\" data-element_type=\"column\">\n\t\t\t<div class=\"elementor-widget-wrap elementor-element-populated\">\n\t\t\t\t\t\t<div class=\"elementor-element elementor-element-58a22ee elementor-widget__width-auto elementor-widget elementor-widget-heading\" data-id=\"58a22ee\" data-element_type=\"widget\" data-widget_type=\"heading.default\">\n\t\t\t\t<div class=\"elementor-widget-container\">\n\t\t\t<h1 class=\"elementor-heading-title elementor-size-default\">PRATO DELLA VALLE - Padova<\/h1>\t\t<\/div>\n\t\t\t\t<\/div>\n\t\t\t\t\t<\/div>\n\t\t<\/div>\n\t\t\t\t\t<\/div>\n\t\t<\/section>\n\t\t\t\t\t<\/div>\n\t\t<\/div>\n\t\t\t\t\t<\/div>\n\t\t<\/section>\n\t\t\t\t<section class=\"elementor-section elementor-top-section elementor-element elementor-element-02a6abf elementor-section-boxed elementor-section-height-default elementor-section-height-default\" data-id=\"02a6abf\" data-element_type=\"section\">\n\t\t\t\t\t\t<div class=\"elementor-container elementor-column-gap-default\">\n\t\t\t\t\t<div class=\"elementor-column elementor-col-100 elementor-top-column elementor-element elementor-element-b6e05ae\" data-id=\"b6e05ae\" data-element_type=\"column\">\n\t\t\t<div class=\"elementor-widget-wrap elementor-element-populated\">\n\t\t\t\t\t\t<div class=\"elementor-element elementor-element-f28b049 elementor-widget__width-auto elementor-widget elementor-widget-heading\" data-id=\"f28b049\" data-element_type=\"widget\" data-widget_type=\"heading.default\">\n\t\t\t\t<div class=\"elementor-widget-container\">\n\t\t\t<h1 class=\"elementor-heading-title elementor-size-default\">5-8 Settembre 2024 - CSI 3*<\/h1>\t\t<\/div>\n\t\t\t\t<\/div>\n\t\t\t\t\t<\/div>\n\t\t<\/div>\n\t\t\t\t\t<\/div>\n\t\t<\/section>\n\t\t\t\t<section class=\"elementor-section elementor-top-section elementor-element elementor-element-9e7d7bc elementor-section-full_width elementor-section-stretched elementor-section-height-default elementor-section-height-default\" data-id=\"9e7d7bc\" data-element_type=\"section\" data-settings=\"{&quot;stretch_section&quot;:&quot;section-stretched&quot;}\">\n\t\t\t\t\t\t<div class=\"elementor-container elementor-column-gap-no\">\n\t\t\t\t\t<div class=\"elementor-column elementor-col-100 elementor-top-column elementor-element elementor-element-b010475\" data-id=\"b010475\" data-element_type=\"column\">\n\t\t\t<div class=\"elementor-widget-wrap elementor-element-populated\">\n\t\t\t\t\t\t<div class=\"elementor-element elementor-element-5081b2f elementor-widget__width-initial elementor-widget elementor-widget-image\" data-id=\"5081b2f\" data-element_type=\"widget\" data-widget_type=\"image.default\">\n\t\t\t\t<div class=\"elementor-widget-container\">\n\t\t\t\t\t\t\t\t\t\t\t\t\t<img decoding=\"async\" width=\"2740\" height=\"597\" src=\"https:\/\/www.cavalliinvilla.it\/wp-content\/uploads\/2023\/11\/Prato-della-Valleok-1.png\" class=\"attachment-full size-full wp-image-50446\" alt=\"\" srcset=\"https:\/\/www.cavalliinvilla.it\/wp-content\/uploads\/2023\/11\/Prato-della-Valleok-1.png 2740w, https:\/\/www.cavalliinvilla.it\/wp-content\/uploads\/2023\/11\/Prato-della-Valleok-1-300x65.png 300w, https:\/\/www.cavalliinvilla.it\/wp-content\/uploads\/2023\/11\/Prato-della-Valleok-1-1024x223.png 1024w, https:\/\/www.cavalliinvilla.it\/wp-content\/uploads\/2023\/11\/Prato-della-Valleok-1-768x167.png 768w, https:\/\/www.cavalliinvilla.it\/wp-content\/uploads\/2023\/11\/Prato-della-Valleok-1-1536x335.png 1536w, https:\/\/www.cavalliinvilla.it\/wp-content\/uploads\/2023\/11\/Prato-della-Valleok-1-2048x446.png 2048w\" sizes=\"(max-width: 2740px) 100vw, 2740px\" \/>\t\t\t\t\t\t\t\t\t\t\t\t\t<\/div>\n\t\t\t\t<\/div>\n\t\t\t\t\t<\/div>\n\t\t<\/div>\n\t\t\t\t\t<\/div>\n\t\t<\/section>\n\t\t\t\t<section class=\"elementor-section elementor-top-section elementor-element elementor-element-dc25d45 elementor-section-boxed elementor-section-height-default elementor-section-height-default\" data-id=\"dc25d45\" data-element_type=\"section\">\n\t\t\t\t\t\t<div class=\"elementor-container elementor-column-gap-default\">\n\t\t\t\t\t<div class=\"elementor-column elementor-col-33 elementor-top-column elementor-element elementor-element-4d1f060\" data-id=\"4d1f060\" data-element_type=\"column\">\n\t\t\t<div class=\"elementor-widget-wrap elementor-element-populated\">\n\t\t\t\t\t\t<div class=\"elementor-element elementor-element-466061a elementor-drop-cap-yes elementor-drop-cap-view-default elementor-widget elementor-widget-text-editor\" data-id=\"466061a\" data-element_type=\"widget\" data-settings=\"{&quot;drop_cap&quot;:&quot;yes&quot;}\" data-widget_type=\"text-editor.default\">\n\t\t\t\t<div class=\"elementor-widget-container\">\n\t\t\t\t\t\t\t<p>Prato della Valle, uno dei simboli di Padova, \u00e8 una grande piazza ellittica che \u00e8 una delle pi\u00f9 grandi d\u2019Europa (88620 mq). Chiamata anche Isola Memmia, da Andrea Memmo fin dall\u2019antichit\u00e0 ebbe<\/p>\n\t\t\t\t\t\t<\/div>\n\t\t\t\t<\/div>\n\t\t\t\t\t<\/div>\n\t\t<\/div>\n\t\t\t\t<div class=\"elementor-column elementor-col-33 elementor-top-column elementor-element elementor-element-bc79af6\" data-id=\"bc79af6\" data-element_type=\"column\">\n\t\t\t<div class=\"elementor-widget-wrap elementor-element-populated\">\n\t\t\t\t\t\t<div class=\"elementor-element elementor-element-9b65c8c elementor-hidden-mobile elementor-widget elementor-widget-image\" data-id=\"9b65c8c\" data-element_type=\"widget\" data-widget_type=\"image.default\">\n\t\t\t\t<div class=\"elementor-widget-container\">\n\t\t\t\t\t\t\t\t\t\t\t\t\t<img decoding=\"async\" width=\"90\" height=\"185\" src=\"https:\/\/www.cavalliinvilla.it\/wp-content\/uploads\/2023\/12\/Cav-1-1.jpeg\" class=\"attachment-medium size-medium wp-image-50719\" alt=\"\" \/>\t\t\t\t\t\t\t\t\t\t\t\t\t<\/div>\n\t\t\t\t<\/div>\n\t\t\t\t\t<\/div>\n\t\t<\/div>\n\t\t\t\t<div class=\"elementor-column elementor-col-33 elementor-top-column elementor-element elementor-element-0b5a7a5\" data-id=\"0b5a7a5\" data-element_type=\"column\">\n\t\t\t<div class=\"elementor-widget-wrap elementor-element-populated\">\n\t\t\t\t\t\t<div class=\"elementor-element elementor-element-2370e16 elementor-widget__width-initial elementor-widget elementor-widget-text-editor\" data-id=\"2370e16\" data-element_type=\"widget\" data-widget_type=\"text-editor.default\">\n\t\t\t\t<div class=\"elementor-widget-container\">\n\t\t\t\t\t\t\t<p>funzioni economiche e ricreative. In epoca romana fu sede di un vasto teatro, lo Zairo, e di un circo per le corse<br \/>dei cavalli. Nel Medioevo fu invece sede di fiere, giostre, feste pubbliche e gare.<\/p>\n\t\t\t\t\t\t<\/div>\n\t\t\t\t<\/div>\n\t\t\t\t\t<\/div>\n\t\t<\/div>\n\t\t\t\t\t<\/div>\n\t\t<\/section>\n\t\t\t\t<section class=\"elementor-section elementor-top-section elementor-element elementor-element-6b4b08c elementor-section-full_width elementor-section-stretched elementor-section-height-default elementor-section-height-default\" data-id=\"6b4b08c\" data-element_type=\"section\" data-settings=\"{&quot;stretch_section&quot;:&quot;section-stretched&quot;}\">\n\t\t\t\t\t\t<div class=\"elementor-container elementor-column-gap-no\">\n\t\t\t\t\t<div class=\"elementor-column elementor-col-100 elementor-top-column elementor-element elementor-element-2832122\" data-id=\"2832122\" data-element_type=\"column\">\n\t\t\t<div class=\"elementor-widget-wrap elementor-element-populated\">\n\t\t\t\t\t\t<div class=\"elementor-element elementor-element-999f6fb elementor-widget__width-initial elementor-widget elementor-widget-image\" data-id=\"999f6fb\" data-element_type=\"widget\" data-widget_type=\"image.default\">\n\t\t\t\t<div class=\"elementor-widget-container\">\n\t\t\t\t\t\t\t\t\t\t\t\t\t<img loading=\"lazy\" decoding=\"async\" width=\"2000\" height=\"807\" src=\"https:\/\/www.cavalliinvilla.it\/wp-content\/uploads\/2023\/12\/Kep-Prato-2.jpeg\" class=\"attachment-full size-full wp-image-50611\" alt=\"\" srcset=\"https:\/\/www.cavalliinvilla.it\/wp-content\/uploads\/2023\/12\/Kep-Prato-2.jpeg 2000w, https:\/\/www.cavalliinvilla.it\/wp-content\/uploads\/2023\/12\/Kep-Prato-2-300x121.jpeg 300w, https:\/\/www.cavalliinvilla.it\/wp-content\/uploads\/2023\/12\/Kep-Prato-2-1024x413.jpeg 1024w, https:\/\/www.cavalliinvilla.it\/wp-content\/uploads\/2023\/12\/Kep-Prato-2-768x310.jpeg 768w, https:\/\/www.cavalliinvilla.it\/wp-content\/uploads\/2023\/12\/Kep-Prato-2-1536x620.jpeg 1536w\" sizes=\"(max-width: 2000px) 100vw, 2000px\" \/>\t\t\t\t\t\t\t\t\t\t\t\t\t<\/div>\n\t\t\t\t<\/div>\n\t\t\t\t\t<\/div>\n\t\t<\/div>\n\t\t\t\t\t<\/div>\n\t\t<\/section>\n\t\t\t\t<section class=\"elementor-section elementor-top-section elementor-element elementor-element-44dff24 elementor-section-boxed elementor-section-height-default elementor-section-height-default\" data-id=\"44dff24\" data-element_type=\"section\">\n\t\t\t\t\t\t<div class=\"elementor-container elementor-column-gap-default\">\n\t\t\t\t\t<div class=\"elementor-column elementor-col-100 elementor-top-column elementor-element elementor-element-c16958d\" data-id=\"c16958d\" data-element_type=\"column\">\n\t\t\t<div class=\"elementor-widget-wrap elementor-element-populated\">\n\t\t\t\t\t\t<div class=\"elementor-element elementor-element-2a2fbd1 elementor-widget elementor-widget-spacer\" data-id=\"2a2fbd1\" data-element_type=\"widget\" data-widget_type=\"spacer.default\">\n\t\t\t\t<div class=\"elementor-widget-container\">\n\t\t\t\t\t<div class=\"elementor-spacer\">\n\t\t\t<div class=\"elementor-spacer-inner\"><\/div>\n\t\t<\/div>\n\t\t\t\t<\/div>\n\t\t\t\t<\/div>\n\t\t\t\t\t<\/div>\n\t\t<\/div>\n\t\t\t\t\t<\/div>\n\t\t<\/section>\n\t\t\t\t<\/div>\n\t\t","protected":false},"excerpt":{"rendered":"<p>PRATO DELLA VALLE &#8211; Padova 5-8 Settembre 2024 &#8211; CSI 3* Prato della Valle, uno dei simboli di Padova, \u00e8 una grande piazza ellittica che \u00e8 una delle pi\u00f9 grandi d\u2019Europa (88620 mq). Chiamata anche Isola Memmia, da Andrea Memmo fin dall\u2019antichit\u00e0 ebbe funzioni economiche e ricreative. In epoca romana fu sede di un vasto&hellip;<\/p>\n","protected":false},"author":1,"featured_media":0,"parent":0,"menu_order":2,"comment_status":"closed","ping_status":"closed","template":"elementor_header_footer","meta":{"inline_featured_image":false,"footnotes":""},"class_list":["post-50532","page","type-page","status-publish","hentry"],"acf":[],"yoast_head":"<!-- This site is optimized with the Yoast SEO plugin v27.2 - https:\/\/yoast.com\/product\/yoast-seo-wordpress\/ -->\n<title>Prato della Valle 2024 - Cavalli In Villa<\/title>\n<meta name=\"robots\" content=\"index, follow, max-snippet:-1, max-image-preview:large, max-video-preview:-1\" \/>\n<link rel=\"canonical\" href=\"https:\/\/www.cavalliinvilla.it\/en\/prato-della-valle-2024\/\" \/>\n<meta property=\"og:locale\" content=\"en_US\" \/>\n<meta property=\"og:type\" content=\"article\" \/>\n<meta property=\"og:title\" content=\"Prato della Valle 2024 - Cavalli In Villa\" \/>\n<meta property=\"og:description\" content=\"PRATO DELLA VALLE &#8211; Padova 5-8 Settembre 2024 &#8211; CSI 3* Prato della Valle, uno dei simboli di Padova, \u00e8 una grande piazza ellittica che \u00e8 una delle pi\u00f9 grandi d\u2019Europa (88620 mq). Chiamata anche Isola Memmia, da Andrea Memmo fin dall\u2019antichit\u00e0 ebbe funzioni economiche e ricreative. In epoca romana fu sede di un vasto&hellip;\" \/>\n<meta property=\"og:url\" content=\"https:\/\/www.cavalliinvilla.it\/en\/prato-della-valle-2024\/\" \/>\n<meta property=\"og:site_name\" content=\"Cavalli In Villa\" \/>\n<meta property=\"article:modified_time\" content=\"2023-12-06T13:37:49+00:00\" \/>\n<meta property=\"og:image\" content=\"https:\/\/www.cavalliinvilla.it\/wp-content\/uploads\/2023\/11\/prato-della-valle-padova-1024x401-1.jpg\" \/>\n<meta name=\"twitter:card\" content=\"summary_large_image\" \/>\n<script type=\"application\/ld+json\" class=\"yoast-schema-graph\">{\"@context\":\"https:\/\/schema.org\",\"@graph\":[{\"@type\":\"WebPage\",\"@id\":\"https:\/\/www.cavalliinvilla.it\/en\/prato-della-valle-2024\/\",\"url\":\"https:\/\/www.cavalliinvilla.it\/en\/prato-della-valle-2024\/\",\"name\":\"Prato della Valle 2024 - Cavalli In Villa\",\"isPartOf\":{\"@id\":\"https:\/\/www.cavalliinvilla.it\/#website\"},\"primaryImageOfPage\":{\"@id\":\"https:\/\/www.cavalliinvilla.it\/en\/prato-della-valle-2024\/#primaryimage\"},\"image\":{\"@id\":\"https:\/\/www.cavalliinvilla.it\/en\/prato-della-valle-2024\/#primaryimage\"},\"thumbnailUrl\":\"https:\/\/www.cavalliinvilla.it\/wp-content\/uploads\/2023\/11\/prato-della-valle-padova-1024x401-1.jpg\",\"datePublished\":\"2023-11-29T15:35:54+00:00\",\"dateModified\":\"2023-12-06T13:37:49+00:00\",\"breadcrumb\":{\"@id\":\"https:\/\/www.cavalliinvilla.it\/en\/prato-della-valle-2024\/#breadcrumb\"},\"inLanguage\":\"en-US\",\"potentialAction\":[{\"@type\":\"ReadAction\",\"target\":[\"https:\/\/www.cavalliinvilla.it\/en\/prato-della-valle-2024\/\"]}]},{\"@type\":\"ImageObject\",\"inLanguage\":\"en-US\",\"@id\":\"https:\/\/www.cavalliinvilla.it\/en\/prato-della-valle-2024\/#primaryimage\",\"url\":\"https:\/\/www.cavalliinvilla.it\/wp-content\/uploads\/2023\/11\/prato-della-valle-padova-1024x401-1.jpg\",\"contentUrl\":\"https:\/\/www.cavalliinvilla.it\/wp-content\/uploads\/2023\/11\/prato-della-valle-padova-1024x401-1.jpg\"},{\"@type\":\"BreadcrumbList\",\"@id\":\"https:\/\/www.cavalliinvilla.it\/en\/prato-della-valle-2024\/#breadcrumb\",\"itemListElement\":[{\"@type\":\"ListItem\",\"position\":1,\"name\":\"Home\",\"item\":\"https:\/\/www.cavalliinvilla.it\/en\/cavalli-in-villa\/\"},{\"@type\":\"ListItem\",\"position\":2,\"name\":\"Prato della Valle 2024\"}]},{\"@type\":\"WebSite\",\"@id\":\"https:\/\/www.cavalliinvilla.it\/#website\",\"url\":\"https:\/\/www.cavalliinvilla.it\/\",\"name\":\"Cavalli In Villa\",\"description\":\"Cavalli in villa - Alfieri della Cultura\",\"publisher\":{\"@id\":\"https:\/\/www.cavalliinvilla.it\/#organization\"},\"potentialAction\":[{\"@type\":\"SearchAction\",\"target\":{\"@type\":\"EntryPoint\",\"urlTemplate\":\"https:\/\/www.cavalliinvilla.it\/?s={search_term_string}\"},\"query-input\":{\"@type\":\"PropertyValueSpecification\",\"valueRequired\":true,\"valueName\":\"search_term_string\"}}],\"inLanguage\":\"en-US\"},{\"@type\":\"Organization\",\"@id\":\"https:\/\/www.cavalliinvilla.it\/#organization\",\"name\":\"Cavalli In Villa\",\"url\":\"https:\/\/www.cavalliinvilla.it\/\",\"logo\":{\"@type\":\"ImageObject\",\"inLanguage\":\"en-US\",\"@id\":\"https:\/\/www.cavalliinvilla.it\/#\/schema\/logo\/image\/\",\"url\":\"https:\/\/www.cavalliinvilla.it\/wp-content\/uploads\/2022\/02\/logo-2-2.png\",\"contentUrl\":\"https:\/\/www.cavalliinvilla.it\/wp-content\/uploads\/2022\/02\/logo-2-2.png\",\"width\":266,\"height\":132,\"caption\":\"Cavalli In Villa\"},\"image\":{\"@id\":\"https:\/\/www.cavalliinvilla.it\/#\/schema\/logo\/image\/\"},\"sameAs\":[\"https:\/\/www.instagram.com\/cavalli.in.villa\/\"]}]}<\/script>\n<!-- \/ Yoast SEO plugin. -->","yoast_head_json":{"title":"Prato della Valle 2024 - Cavalli In Villa","robots":{"index":"index","follow":"follow","max-snippet":"max-snippet:-1","max-image-preview":"max-image-preview:large","max-video-preview":"max-video-preview:-1"},"canonical":"https:\/\/www.cavalliinvilla.it\/en\/prato-della-valle-2024\/","og_locale":"en_US","og_type":"article","og_title":"Prato della Valle 2024 - Cavalli In Villa","og_description":"PRATO DELLA VALLE &#8211; Padova 5-8 Settembre 2024 &#8211; CSI 3* Prato della Valle, uno dei simboli di Padova, \u00e8 una grande piazza ellittica che \u00e8 una delle pi\u00f9 grandi d\u2019Europa (88620 mq). Chiamata anche Isola Memmia, da Andrea Memmo fin dall\u2019antichit\u00e0 ebbe funzioni economiche e ricreative. In epoca romana fu sede di un vasto&hellip;","og_url":"https:\/\/www.cavalliinvilla.it\/en\/prato-della-valle-2024\/","og_site_name":"Cavalli In Villa","article_modified_time":"2023-12-06T13:37:49+00:00","og_image":[{"url":"https:\/\/www.cavalliinvilla.it\/wp-content\/uploads\/2023\/11\/prato-della-valle-padova-1024x401-1.jpg","type":"","width":"","height":""}],"twitter_card":"summary_large_image","schema":{"@context":"https:\/\/schema.org","@graph":[{"@type":"WebPage","@id":"https:\/\/www.cavalliinvilla.it\/en\/prato-della-valle-2024\/","url":"https:\/\/www.cavalliinvilla.it\/en\/prato-della-valle-2024\/","name":"Prato della Valle 2024 - Cavalli In Villa","isPartOf":{"@id":"https:\/\/www.cavalliinvilla.it\/#website"},"primaryImageOfPage":{"@id":"https:\/\/www.cavalliinvilla.it\/en\/prato-della-valle-2024\/#primaryimage"},"image":{"@id":"https:\/\/www.cavalliinvilla.it\/en\/prato-della-valle-2024\/#primaryimage"},"thumbnailUrl":"https:\/\/www.cavalliinvilla.it\/wp-content\/uploads\/2023\/11\/prato-della-valle-padova-1024x401-1.jpg","datePublished":"2023-11-29T15:35:54+00:00","dateModified":"2023-12-06T13:37:49+00:00","breadcrumb":{"@id":"https:\/\/www.cavalliinvilla.it\/en\/prato-della-valle-2024\/#breadcrumb"},"inLanguage":"en-US","potentialAction":[{"@type":"ReadAction","target":["https:\/\/www.cavalliinvilla.it\/en\/prato-della-valle-2024\/"]}]},{"@type":"ImageObject","inLanguage":"en-US","@id":"https:\/\/www.cavalliinvilla.it\/en\/prato-della-valle-2024\/#primaryimage","url":"https:\/\/www.cavalliinvilla.it\/wp-content\/uploads\/2023\/11\/prato-della-valle-padova-1024x401-1.jpg","contentUrl":"https:\/\/www.cavalliinvilla.it\/wp-content\/uploads\/2023\/11\/prato-della-valle-padova-1024x401-1.jpg"},{"@type":"BreadcrumbList","@id":"https:\/\/www.cavalliinvilla.it\/en\/prato-della-valle-2024\/#breadcrumb","itemListElement":[{"@type":"ListItem","position":1,"name":"Home","item":"https:\/\/www.cavalliinvilla.it\/en\/cavalli-in-villa\/"},{"@type":"ListItem","position":2,"name":"Prato della Valle 2024"}]},{"@type":"WebSite","@id":"https:\/\/www.cavalliinvilla.it\/#website","url":"https:\/\/www.cavalliinvilla.it\/","name":"Cavalli In Villa","description":"Cavalli in villa - Alfieri della Cultura","publisher":{"@id":"https:\/\/www.cavalliinvilla.it\/#organization"},"potentialAction":[{"@type":"SearchAction","target":{"@type":"EntryPoint","urlTemplate":"https:\/\/www.cavalliinvilla.it\/?s={search_term_string}"},"query-input":{"@type":"PropertyValueSpecification","valueRequired":true,"valueName":"search_term_string"}}],"inLanguage":"en-US"},{"@type":"Organization","@id":"https:\/\/www.cavalliinvilla.it\/#organization","name":"Cavalli In Villa","url":"https:\/\/www.cavalliinvilla.it\/","logo":{"@type":"ImageObject","inLanguage":"en-US","@id":"https:\/\/www.cavalliinvilla.it\/#\/schema\/logo\/image\/","url":"https:\/\/www.cavalliinvilla.it\/wp-content\/uploads\/2022\/02\/logo-2-2.png","contentUrl":"https:\/\/www.cavalliinvilla.it\/wp-content\/uploads\/2022\/02\/logo-2-2.png","width":266,"height":132,"caption":"Cavalli In Villa"},"image":{"@id":"https:\/\/www.cavalliinvilla.it\/#\/schema\/logo\/image\/"},"sameAs":["https:\/\/www.instagram.com\/cavalli.in.villa\/"]}]}},"_links":{"self":[{"href":"https:\/\/www.cavalliinvilla.it\/en\/wp-json\/wp\/v2\/pages\/50532","targetHints":{"allow":["GET"]}}],"collection":[{"href":"https:\/\/www.cavalliinvilla.it\/en\/wp-json\/wp\/v2\/pages"}],"about":[{"href":"https:\/\/www.cavalliinvilla.it\/en\/wp-json\/wp\/v2\/types\/page"}],"author":[{"embeddable":true,"href":"https:\/\/www.cavalliinvilla.it\/en\/wp-json\/wp\/v2\/users\/1"}],"replies":[{"embeddable":true,"href":"https:\/\/www.cavalliinvilla.it\/en\/wp-json\/wp\/v2\/comments?post=50532"}],"version-history":[{"count":6,"href":"https:\/\/www.cavalliinvilla.it\/en\/wp-json\/wp\/v2\/pages\/50532\/revisions"}],"predecessor-version":[{"id":50744,"href":"https:\/\/www.cavalliinvilla.it\/en\/wp-json\/wp\/v2\/pages\/50532\/revisions\/50744"}],"wp:attachment":[{"href":"https:\/\/www.cavalliinvilla.it\/en\/wp-json\/wp\/v2\/media?parent=50532"}],"curies":[{"name":"wp","href":"https:\/\/api.w.org\/{rel}","templated":true}]}}